{"id":482,"date":"2019-05-10T05:28:16","date_gmt":"2019-05-10T05:28:16","guid":{"rendered":"https:\/\/testadelta.truu.lv\/privacy-policy\/"},"modified":"2019-05-10T05:28:16","modified_gmt":"2019-05-10T05:28:16","slug":"privacy-policy","status":"publish","type":"page","link":"https:\/\/deltalv.lv\/en\/privacy-policy\/","title":{"rendered":"Privacy Policy"},"content":{"rendered":"<header class=\"entry-header\">\n<p class=\"entry-title\">Interneta vietnes pilnv\u0113rt\u012bgas darb\u012bbas nodro\u0161in\u0101\u0161anai tiek izmantotas s\u012bkdatnes (Cookies). \u0160\u0101das s\u012bkdatnes izmanto ar\u012b liel\u0101k\u0101 da\u013ca citu t\u012bmek\u013ca viet\u0146u.<\/p>\n<\/header>\n<div class=\"entry-content\">\n<p><strong>Kas ir s\u012bkdatnes?<\/strong><\/p>\n<p>S\u012bkdatne ir neliela teksta datne, kas glab\u0101jas uz J\u016bsu datora, mobil\u0101 t\u0101lru\u0146a, plan\u0161etes vai citas ier\u012bces, no kuras J\u016bs apmekl\u0113jat interneta vietni, ciet\u0101 diska un bez kur\u0101m m\u0113s nevaram nodro\u0161in\u0101t Jums t\u0101dus apst\u0101k\u013cus, k\u0101di nepiecie\u0161ami, lai J\u016bs interneta vietn\u0113 izmantotu visas funkcion\u0101l\u0101s un pied\u0101v\u0101t\u0101s iesp\u0113jas. Ikreiz, kad J\u016bs apmekl\u0113siet interneta vietni, t\u0101s uztur\u0113\u0161anas server\u012b tiks re\u0123istr\u0113ta J\u016bsu ier\u012bces IP adrese, inform\u0101cija par interneta p\u0101rl\u016bka programmu, oper\u0113t\u0101jsist\u0113mu, valsti, valodu un Interneta vietnes apmekl\u0113juma laikiem.<\/p>\n<p><strong>K\u0101 s\u012bkdatnes tiek izmantotas?<\/strong><\/p>\n<p>S\u012bkdatnes tiek izmantotas, lai atcer\u0113tos:<\/p>\n<ul>\n<li>j\u016bsu ekr\u0101na iestat\u012bjumus, piem\u0113ram, par\u0101d\u0101mo kr\u0101sas kontrastu vai teksta\u00a0lielumu;<\/li>\n<li>vai esat jau atbild\u0113jis uz aptaujas jaut\u0101jumu par to, vai vietnes saturs jums noder\u0113ja (lai tad \u0161o jaut\u0101jumu vairs jums ner\u0101d\u012btu);<\/li>\n<li>vai esat jau piekritis (vai nepiekritis) tam, ka \u0161aj\u0101 vietn\u0113 tiek izmantotas s\u012bkdatnes.<\/li>\n<\/ul>\n<p>\u0160\u012bs s\u012bkdatnes tiek izmantotas tikai un vien\u012bgi tam m\u0113r\u0137im, kas nor\u0101d\u012bts \u0161eit.<\/p>\n<p>S\u012bkdatn\u0113s tiek uzglab\u0101ta tikai t\u0101 inform\u0101cija, kuru nav iesp\u0113jams atsevi\u0161\u0137i identific\u0113t. \u0160\u012bs s\u012bkdatnes identific\u0113 tikai J\u016bsu ier\u012bci, ta\u010du neizpau\u017e J\u016bsu identit\u0101ti.<\/p>\n<p>Apmekl\u0113jot interneta vietni, Jums tiek att\u0113lots logs ar zi\u0146ojumu par to, ka interneta vietn\u0113 tiek izmantotas s\u012bkdatnes. Turpinot lietot interneta vietni vai nospie\u017eot pogu \u201ePiekr\u012btu\u201d, J\u016bs apliecin\u0101t savu piekri\u0161anu s\u012bkdat\u0146u izvieto\u0161anai, k\u0101 ar\u012b apstipriniet, ka esat iepazinies ar inform\u0101ciju par s\u012bkdatn\u0113m, to izmanto\u0161anas nol\u016bkiem. S\u012bkdatnes J\u016bsu dator\u0101 tiks saglab\u0101tas tikm\u0113r, kam\u0113r beigsies to uzglab\u0101\u0161anas termi\u0146\u0161 vai kam\u0113r J\u016bs t\u0101s izdz\u0113s\u012bsiet.<\/p>\n<p><strong>K\u0101 var kontrol\u0113t s\u012bkdatnes?<\/strong><\/p>\n<p>Ikvienas t\u012bmek\u013ca p\u0101rl\u016bkprogrammas dro\u0161\u012bbas iestat\u012bjumos iesp\u0113jama s\u012bkdat\u0146u ierobe\u017eo\u0161ana un dz\u0113\u0161ana. Pla\u0161\u0101k lasiet \u0161eit:\u00a0<a href=\"http:\/\/www.aboutcookies.org\/\">aboutcookies.org<\/a>.<\/p>\n<p>Tom\u0113r j\u0101\u0146em v\u0113r\u0101, ka gad\u012bjum\u0101, ja atteiksieties no to s\u012bkdat\u0146u lieto\u0161anas, kuras nepiecie\u0161amas interneta vietnes funkcion\u0101lai izmanto\u0161anai, interneta vietnes pilnv\u0113rt\u012bga lieto\u0161ana var neb\u016bt iesp\u0113jama.<\/p>\n<p>Ja nev\u0113laties, lai tiktu lietotas s\u012bkdatnes, \u0161o funkciju J\u016bs jebkur\u0101 laik\u0101 varat main\u012bt vai izsl\u0113gt sav\u0101 t\u012bkla p\u0101rl\u016bkprogramm\u0101. Piev\u0113rsiet uzman\u012bbu, ka izmai\u0146as dro\u0161\u012bbas iestat\u012bjumos j\u0101veic katrai p\u0101rl\u016bkprogrammai atsevi\u0161\u0137i un izmantot\u0101s iestat\u012bjumu metodes var at\u0161\u0137irties. Tom\u0113r \u0146emiet v\u0113r\u0101, ka gad\u012bjum\u0101, ja J\u016bs atteiksieties vai izsl\u0113gsiet s\u012bkdatnes, da\u017eu t\u012bmek\u013ca viet\u0146u funkcionalit\u0101te var tikt zaud\u0113ta. S\u012bkdat\u0146u vai to kategorijas izsl\u0113g\u0161ana neizdz\u0113\u0161 t\u0101s no p\u0101rl\u016bkprogrammas, Jums tas b\u016bs j\u0101veic saviem sp\u0113kiem J\u016bsu p\u0101rl\u016bkprogrammas ietvaros.<\/p>\n<p>Varat izdz\u0113st visas s\u012bkdatnes, kuras ir j\u016bsu dator\u0101, un liel\u0101ko da\u013cu p\u0101rl\u016bkprogrammu var iestat\u012bt t\u0101, lai tiktu blo\u0137\u0113ta s\u012bkdat\u0146u ievieto\u0161ana dator\u0101. Ta\u010du t\u0101d\u0101 gad\u012bjum\u0101 jums b\u016bs pa\u0161roc\u012bgi j\u0101piel\u0101go da\u017ei iestat\u012bjumi ikreiz, kad apmekl\u0113siet vietni, un varb\u016bt nedarbosies da\u017ei pakalpojumi un funkcijas.<\/p>\n<p><strong>K\u0101 tiek nodro\u0161in\u0101ta datu dro\u0161\u012bba?<\/strong><\/p>\n<p>Kaut ar\u012b tiek \u012bstenoti dro\u0161\u012bbas pas\u0101kumus, lai aizsarg\u0101tu personas datu dro\u0161\u012bbu un konfidencialit\u0101ti, m\u0113s negarant\u0113jam, ka internet\u0101 p\u0101rraid\u012bto inform\u0101ciju neskars aizkav\u0113\u0161an\u0101s, trauc\u0113jumi, tre\u0161o personu prettiesiska p\u0101rtver\u0161ana vai k\u013c\u016bdas.<\/p>\n<p><strong>Kontaktu forma:<\/strong><\/p>\n<p>Aizpildot pieteikuma formu un nos\u016btot inform\u0101ciju, es apliecinu, ka es piekr\u012btu, ka mani personas dati (V\u0100RDS, E-PASTS) tiks apstr\u0101d\u0101ti m\u0101jas lap\u0101.<\/p>\n<div id=\"privacy-policy\">\n<p><strong>Karjeras forma:<\/strong><\/p>\n<\/div>\n<p>Aizpildot pieteikuma formu un nos\u016btot inform\u0101ciju, es apliecinu, ka es piekr\u012btu, ka mani personas dati (V\u0100RDS, UZV\u0100RDS, E-PASTS, T\u0100LRUNIS, AUTO VAD\u012aT\u0100JA APLIEC\u012aBAS KATEGORIJA, FAKTISK\u0100 DZ\u012aVES VIETA, P\u0112D\u0112J\u0100 DARBA VIETA) tiks apstr\u0101d\u0101ti m\u0101jas lap\u0101.<\/p>\n<\/div>\n<p><strong>Kontakti:<\/strong><\/p>\n<p>Jaut\u0101jumos, kas skar personas datu apstr\u0101di, l\u016bdzam v\u0113rsties: <a href=\"mailto:info@deltalv.lv\">info@deltalv.lv<\/a><\/p>\n<div class=\"entry-content\"><\/div>\n","protected":false},"excerpt":{"rendered":"<p>Interneta vietnes pilnv\u0113rt\u012bgas darb\u012bbas nodro\u0161in\u0101\u0161anai tiek izmantotas s\u012bkdatnes (Cookies). \u0160\u0101das s\u012bkdatnes izmanto ar\u012b liel\u0101k\u0101 da\u013ca citu t\u012bmek\u013ca viet\u0146u. Kas ir s\u012bkdatnes? S\u012bkdatne ir neliela teksta datne, kas glab\u0101jas uz J\u016bsu datora, mobil\u0101 t\u0101lru\u0146a, plan\u0161etes vai citas ier\u012bces, no kuras J\u016bs apmekl\u0113jat interneta vietni, ciet\u0101 diska un bez kur\u0101m m\u0113s nevaram nodro\u0161in\u0101t Jums t\u0101dus apst\u0101k\u013cus, k\u0101di [&#8230;]<\/p>\n<p><a class=\"btn btn-secondary understrap-read-more-link\" href=\"https:\/\/deltalv.lv\/en\/privacy-policy\/\">Read More&#8230;<span class=\"screen-reader-text\"> from Privacy Policy<\/span><\/a><\/p>\n","protected":false},"author":1,"featured_media":0,"parent":0,"menu_order":0,"comment_status":"closed","ping_status":"closed","template":"page-templates\/fullwidthpage.php","meta":{"_acf_changed":false,"footnotes":""},"class_list":["post-482","page","type-page","status-publish","hentry"],"acf":[],"yoast_head":"<!-- This site is optimized with the Yoast SEO plugin v27.4 - https:\/\/yoast.com\/product\/yoast-seo-wordpress\/ -->\n<title>Privacy Policy - DeltaLV<\/title>\n<meta name=\"robots\" content=\"index, follow, max-snippet:-1, max-image-preview:large, max-video-preview:-1\" \/>\n<link rel=\"canonical\" href=\"https:\/\/deltalv.lv\/en\/privacy-policy\/\" \/>\n<meta property=\"og:locale\" content=\"en_US\" \/>\n<meta property=\"og:type\" content=\"article\" \/>\n<meta property=\"og:title\" content=\"Privacy Policy - DeltaLV\" \/>\n<meta property=\"og:description\" content=\"Interneta vietnes pilnv\u0113rt\u012bgas darb\u012bbas nodro\u0161in\u0101\u0161anai tiek izmantotas s\u012bkdatnes (Cookies). \u0160\u0101das s\u012bkdatnes izmanto ar\u012b liel\u0101k\u0101 da\u013ca citu t\u012bmek\u013ca viet\u0146u. Kas ir s\u012bkdatnes? S\u012bkdatne ir neliela teksta datne, kas glab\u0101jas uz J\u016bsu datora, mobil\u0101 t\u0101lru\u0146a, plan\u0161etes vai citas ier\u012bces, no kuras J\u016bs apmekl\u0113jat interneta vietni, ciet\u0101 diska un bez kur\u0101m m\u0113s nevaram nodro\u0161in\u0101t Jums t\u0101dus apst\u0101k\u013cus, k\u0101di [...]Read More... from Privacy Policy\" \/>\n<meta property=\"og:url\" content=\"https:\/\/deltalv.lv\/en\/privacy-policy\/\" \/>\n<meta property=\"og:site_name\" content=\"DeltaLV\" \/>\n<meta property=\"article:publisher\" content=\"https:\/\/www.facebook.com\/Delta-LV-1055265264605462\/\" \/>\n<meta property=\"og:image\" content=\"https:\/\/deltalv.lv\/wp-content\/uploads\/2019\/07\/home-header.jpg\" \/>\n\t<meta property=\"og:image:width\" content=\"1920\" \/>\n\t<meta property=\"og:image:height\" content=\"1283\" \/>\n\t<meta property=\"og:image:type\" content=\"image\/jpeg\" \/>\n<meta name=\"twitter:card\" content=\"summary_large_image\" \/>\n<meta name=\"twitter:label1\" content=\"Est. reading time\" \/>\n\t<meta name=\"twitter:data1\" content=\"4 minutes\" \/>\n<script type=\"application\/ld+json\" class=\"yoast-schema-graph\">{\"@context\":\"https:\\\/\\\/schema.org\",\"@graph\":[{\"@type\":\"WebPage\",\"@id\":\"https:\\\/\\\/deltalv.lv\\\/en\\\/privacy-policy\\\/\",\"url\":\"https:\\\/\\\/deltalv.lv\\\/en\\\/privacy-policy\\\/\",\"name\":\"Privacy Policy - DeltaLV\",\"isPartOf\":{\"@id\":\"https:\\\/\\\/deltalv.lv\\\/#website\"},\"datePublished\":\"2019-05-10T05:28:16+00:00\",\"breadcrumb\":{\"@id\":\"https:\\\/\\\/deltalv.lv\\\/en\\\/privacy-policy\\\/#breadcrumb\"},\"inLanguage\":\"en-US\",\"potentialAction\":[{\"@type\":\"ReadAction\",\"target\":[\"https:\\\/\\\/deltalv.lv\\\/en\\\/privacy-policy\\\/\"]}]},{\"@type\":\"BreadcrumbList\",\"@id\":\"https:\\\/\\\/deltalv.lv\\\/en\\\/privacy-policy\\\/#breadcrumb\",\"itemListElement\":[{\"@type\":\"ListItem\",\"position\":1,\"name\":\"Home\",\"item\":\"https:\\\/\\\/deltalv.lv\\\/en\\\/\"},{\"@type\":\"ListItem\",\"position\":2,\"name\":\"Privacy Policy\"}]},{\"@type\":\"WebSite\",\"@id\":\"https:\\\/\\\/deltalv.lv\\\/#website\",\"url\":\"https:\\\/\\\/deltalv.lv\\\/\",\"name\":\"DeltaLV\",\"description\":\"Pla\u0161a kl\u0101sta kravu p\u0101rvad\u0101jumi Baltijas valst\u012bs un \u0101rpus t\u0101m.\",\"publisher\":{\"@id\":\"https:\\\/\\\/deltalv.lv\\\/#organization\"},\"potentialAction\":[{\"@type\":\"SearchAction\",\"target\":{\"@type\":\"EntryPoint\",\"urlTemplate\":\"https:\\\/\\\/deltalv.lv\\\/?s={search_term_string}\"},\"query-input\":{\"@type\":\"PropertyValueSpecification\",\"valueRequired\":true,\"valueName\":\"search_term_string\"}}],\"inLanguage\":\"en-US\"},{\"@type\":\"Organization\",\"@id\":\"https:\\\/\\\/deltalv.lv\\\/#organization\",\"name\":\"AS Delta LV\",\"url\":\"https:\\\/\\\/deltalv.lv\\\/\",\"logo\":{\"@type\":\"ImageObject\",\"inLanguage\":\"en-US\",\"@id\":\"https:\\\/\\\/deltalv.lv\\\/#\\\/schema\\\/logo\\\/image\\\/\",\"url\":\"https:\\\/\\\/deltalv.lv\\\/wp-content\\\/uploads\\\/2018\\\/12\\\/deltalv_logo_light.svg\",\"contentUrl\":\"https:\\\/\\\/deltalv.lv\\\/wp-content\\\/uploads\\\/2018\\\/12\\\/deltalv_logo_light.svg\",\"width\":396,\"height\":117,\"caption\":\"AS Delta LV\"},\"image\":{\"@id\":\"https:\\\/\\\/deltalv.lv\\\/#\\\/schema\\\/logo\\\/image\\\/\"},\"sameAs\":[\"https:\\\/\\\/www.facebook.com\\\/Delta-LV-1055265264605462\\\/\"]}]}<\/script>\n<!-- \/ Yoast SEO plugin. -->","yoast_head_json":{"title":"Privacy Policy - DeltaLV","robots":{"index":"index","follow":"follow","max-snippet":"max-snippet:-1","max-image-preview":"max-image-preview:large","max-video-preview":"max-video-preview:-1"},"canonical":"https:\/\/deltalv.lv\/en\/privacy-policy\/","og_locale":"en_US","og_type":"article","og_title":"Privacy Policy - DeltaLV","og_description":"Interneta vietnes pilnv\u0113rt\u012bgas darb\u012bbas nodro\u0161in\u0101\u0161anai tiek izmantotas s\u012bkdatnes (Cookies). \u0160\u0101das s\u012bkdatnes izmanto ar\u012b liel\u0101k\u0101 da\u013ca citu t\u012bmek\u013ca viet\u0146u. Kas ir s\u012bkdatnes? S\u012bkdatne ir neliela teksta datne, kas glab\u0101jas uz J\u016bsu datora, mobil\u0101 t\u0101lru\u0146a, plan\u0161etes vai citas ier\u012bces, no kuras J\u016bs apmekl\u0113jat interneta vietni, ciet\u0101 diska un bez kur\u0101m m\u0113s nevaram nodro\u0161in\u0101t Jums t\u0101dus apst\u0101k\u013cus, k\u0101di [...]Read More... from Privacy Policy","og_url":"https:\/\/deltalv.lv\/en\/privacy-policy\/","og_site_name":"DeltaLV","article_publisher":"https:\/\/www.facebook.com\/Delta-LV-1055265264605462\/","og_image":[{"width":1920,"height":1283,"url":"https:\/\/deltalv.lv\/wp-content\/uploads\/2019\/07\/home-header.jpg","type":"image\/jpeg"}],"twitter_card":"summary_large_image","twitter_misc":{"Est. reading time":"4 minutes"},"schema":{"@context":"https:\/\/schema.org","@graph":[{"@type":"WebPage","@id":"https:\/\/deltalv.lv\/en\/privacy-policy\/","url":"https:\/\/deltalv.lv\/en\/privacy-policy\/","name":"Privacy Policy - DeltaLV","isPartOf":{"@id":"https:\/\/deltalv.lv\/#website"},"datePublished":"2019-05-10T05:28:16+00:00","breadcrumb":{"@id":"https:\/\/deltalv.lv\/en\/privacy-policy\/#breadcrumb"},"inLanguage":"en-US","potentialAction":[{"@type":"ReadAction","target":["https:\/\/deltalv.lv\/en\/privacy-policy\/"]}]},{"@type":"BreadcrumbList","@id":"https:\/\/deltalv.lv\/en\/privacy-policy\/#breadcrumb","itemListElement":[{"@type":"ListItem","position":1,"name":"Home","item":"https:\/\/deltalv.lv\/en\/"},{"@type":"ListItem","position":2,"name":"Privacy Policy"}]},{"@type":"WebSite","@id":"https:\/\/deltalv.lv\/#website","url":"https:\/\/deltalv.lv\/","name":"DeltaLV","description":"Pla\u0161a kl\u0101sta kravu p\u0101rvad\u0101jumi Baltijas valst\u012bs un \u0101rpus t\u0101m.","publisher":{"@id":"https:\/\/deltalv.lv\/#organization"},"potentialAction":[{"@type":"SearchAction","target":{"@type":"EntryPoint","urlTemplate":"https:\/\/deltalv.lv\/?s={search_term_string}"},"query-input":{"@type":"PropertyValueSpecification","valueRequired":true,"valueName":"search_term_string"}}],"inLanguage":"en-US"},{"@type":"Organization","@id":"https:\/\/deltalv.lv\/#organization","name":"AS Delta LV","url":"https:\/\/deltalv.lv\/","logo":{"@type":"ImageObject","inLanguage":"en-US","@id":"https:\/\/deltalv.lv\/#\/schema\/logo\/image\/","url":"https:\/\/deltalv.lv\/wp-content\/uploads\/2018\/12\/deltalv_logo_light.svg","contentUrl":"https:\/\/deltalv.lv\/wp-content\/uploads\/2018\/12\/deltalv_logo_light.svg","width":396,"height":117,"caption":"AS Delta LV"},"image":{"@id":"https:\/\/deltalv.lv\/#\/schema\/logo\/image\/"},"sameAs":["https:\/\/www.facebook.com\/Delta-LV-1055265264605462\/"]}]}},"_links":{"self":[{"href":"https:\/\/deltalv.lv\/en\/wp-json\/wp\/v2\/pages\/482","targetHints":{"allow":["GET"]}}],"collection":[{"href":"https:\/\/deltalv.lv\/en\/wp-json\/wp\/v2\/pages"}],"about":[{"href":"https:\/\/deltalv.lv\/en\/wp-json\/wp\/v2\/types\/page"}],"author":[{"embeddable":true,"href":"https:\/\/deltalv.lv\/en\/wp-json\/wp\/v2\/users\/1"}],"replies":[{"embeddable":true,"href":"https:\/\/deltalv.lv\/en\/wp-json\/wp\/v2\/comments?post=482"}],"version-history":[{"count":0,"href":"https:\/\/deltalv.lv\/en\/wp-json\/wp\/v2\/pages\/482\/revisions"}],"wp:attachment":[{"href":"https:\/\/deltalv.lv\/en\/wp-json\/wp\/v2\/media?parent=482"}],"curies":[{"name":"wp","href":"https:\/\/api.w.org\/{rel}","templated":true}]}}