{"id":382,"date":"2018-08-30T05:56:18","date_gmt":"2018-08-30T05:56:18","guid":{"rendered":"https:\/\/testadelta.truu.lv\/karjera\/"},"modified":"2021-06-11T05:20:48","modified_gmt":"2021-06-11T05:20:48","slug":"karriere","status":"publish","type":"page","link":"https:\/\/deltalv.lv\/de\/karriere\/","title":{"rendered":"Karriere"},"content":{"rendered":"","protected":false},"excerpt":{"rendered":"<p> [&#8230;]<\/p>\n<p><a class=\"btn btn-secondary understrap-read-more-link\" href=\"https:\/\/deltalv.lv\/de\/karriere\/\">Weiterlesen&#8230;<span class=\"screen-reader-text\"> from Karriere<\/span><\/a><\/p>\n","protected":false},"author":1,"featured_media":0,"parent":0,"menu_order":0,"comment_status":"closed","ping_status":"closed","template":"page-templates\/karjera.php","meta":{"_acf_changed":false,"footnotes":""},"class_list":["post-382","page","type-page","status-publish","hentry"],"acf":[],"yoast_head":"<!-- This site is optimized with the Yoast SEO plugin v27.4 - https:\/\/yoast.com\/product\/yoast-seo-wordpress\/ -->\n<title>Karriere - DeltaLV<\/title>\n<meta name=\"description\" content=\"Karriere. Treten Sie unserem Team bei. M\u00f6chten Sie unserem Team beitreten? F\u00fcllen Sie das Formular aus und senden Sie es an uns!\" \/>\n<meta name=\"robots\" content=\"index, follow, max-snippet:-1, max-image-preview:large, max-video-preview:-1\" \/>\n<link rel=\"canonical\" href=\"https:\/\/deltalv.lv\/de\/karriere\/\" \/>\n<meta property=\"og:locale\" content=\"de_DE\" \/>\n<meta property=\"og:type\" content=\"article\" \/>\n<meta property=\"og:title\" content=\"Karriere - DeltaLV\" \/>\n<meta property=\"og:description\" content=\"Karriere. Treten Sie unserem Team bei. M\u00f6chten Sie unserem Team beitreten? F\u00fcllen Sie das Formular aus und senden Sie es an uns!\" \/>\n<meta property=\"og:url\" content=\"https:\/\/deltalv.lv\/de\/karriere\/\" \/>\n<meta property=\"og:site_name\" content=\"DeltaLV\" \/>\n<meta property=\"article:publisher\" content=\"https:\/\/www.facebook.com\/Delta-LV-1055265264605462\/\" \/>\n<meta property=\"article:modified_time\" content=\"2021-06-11T05:20:48+00:00\" \/>\n<meta property=\"og:image\" content=\"https:\/\/deltalv.lv\/wp-content\/uploads\/2019\/07\/home-header.jpg\" \/>\n\t<meta property=\"og:image:width\" content=\"1920\" \/>\n\t<meta property=\"og:image:height\" content=\"1283\" \/>\n\t<meta property=\"og:image:type\" content=\"image\/jpeg\" \/>\n<meta name=\"twitter:card\" content=\"summary_large_image\" \/>\n<script type=\"application\/ld+json\" class=\"yoast-schema-graph\">{\"@context\":\"https:\\\/\\\/schema.org\",\"@graph\":[{\"@type\":\"WebPage\",\"@id\":\"https:\\\/\\\/deltalv.lv\\\/de\\\/karriere\\\/\",\"url\":\"https:\\\/\\\/deltalv.lv\\\/de\\\/karriere\\\/\",\"name\":\"Karriere - DeltaLV\",\"isPartOf\":{\"@id\":\"https:\\\/\\\/deltalv.lv\\\/#website\"},\"datePublished\":\"2018-08-30T05:56:18+00:00\",\"dateModified\":\"2021-06-11T05:20:48+00:00\",\"description\":\"Karriere. Treten Sie unserem Team bei. M\u00f6chten Sie unserem Team beitreten? F\u00fcllen Sie das Formular aus und senden Sie es an uns!\",\"breadcrumb\":{\"@id\":\"https:\\\/\\\/deltalv.lv\\\/de\\\/karriere\\\/#breadcrumb\"},\"inLanguage\":\"de-DE\",\"potentialAction\":[{\"@type\":\"ReadAction\",\"target\":[\"https:\\\/\\\/deltalv.lv\\\/de\\\/karriere\\\/\"]}]},{\"@type\":\"BreadcrumbList\",\"@id\":\"https:\\\/\\\/deltalv.lv\\\/de\\\/karriere\\\/#breadcrumb\",\"itemListElement\":[{\"@type\":\"ListItem\",\"position\":1,\"name\":\"Home\",\"item\":\"https:\\\/\\\/deltalv.lv\\\/de\\\/\"},{\"@type\":\"ListItem\",\"position\":2,\"name\":\"Karriere\"}]},{\"@type\":\"WebSite\",\"@id\":\"https:\\\/\\\/deltalv.lv\\\/#website\",\"url\":\"https:\\\/\\\/deltalv.lv\\\/\",\"name\":\"DeltaLV\",\"description\":\"Pla\u0161a kl\u0101sta kravu p\u0101rvad\u0101jumi Baltijas valst\u012bs un \u0101rpus t\u0101m.\",\"publisher\":{\"@id\":\"https:\\\/\\\/deltalv.lv\\\/#organization\"},\"potentialAction\":[{\"@type\":\"SearchAction\",\"target\":{\"@type\":\"EntryPoint\",\"urlTemplate\":\"https:\\\/\\\/deltalv.lv\\\/?s={search_term_string}\"},\"query-input\":{\"@type\":\"PropertyValueSpecification\",\"valueRequired\":true,\"valueName\":\"search_term_string\"}}],\"inLanguage\":\"de-DE\"},{\"@type\":\"Organization\",\"@id\":\"https:\\\/\\\/deltalv.lv\\\/#organization\",\"name\":\"AS Delta LV\",\"url\":\"https:\\\/\\\/deltalv.lv\\\/\",\"logo\":{\"@type\":\"ImageObject\",\"inLanguage\":\"de-DE\",\"@id\":\"https:\\\/\\\/deltalv.lv\\\/#\\\/schema\\\/logo\\\/image\\\/\",\"url\":\"https:\\\/\\\/deltalv.lv\\\/wp-content\\\/uploads\\\/2018\\\/12\\\/deltalv_logo_light.svg\",\"contentUrl\":\"https:\\\/\\\/deltalv.lv\\\/wp-content\\\/uploads\\\/2018\\\/12\\\/deltalv_logo_light.svg\",\"width\":396,\"height\":117,\"caption\":\"AS Delta LV\"},\"image\":{\"@id\":\"https:\\\/\\\/deltalv.lv\\\/#\\\/schema\\\/logo\\\/image\\\/\"},\"sameAs\":[\"https:\\\/\\\/www.facebook.com\\\/Delta-LV-1055265264605462\\\/\"]}]}<\/script>\n<!-- \/ Yoast SEO plugin. -->","yoast_head_json":{"title":"Karriere - DeltaLV","description":"Karriere. Treten Sie unserem Team bei. M\u00f6chten Sie unserem Team beitreten? F\u00fcllen Sie das Formular aus und senden Sie es an uns!","robots":{"index":"index","follow":"follow","max-snippet":"max-snippet:-1","max-image-preview":"max-image-preview:large","max-video-preview":"max-video-preview:-1"},"canonical":"https:\/\/deltalv.lv\/de\/karriere\/","og_locale":"de_DE","og_type":"article","og_title":"Karriere - DeltaLV","og_description":"Karriere. Treten Sie unserem Team bei. M\u00f6chten Sie unserem Team beitreten? F\u00fcllen Sie das Formular aus und senden Sie es an uns!","og_url":"https:\/\/deltalv.lv\/de\/karriere\/","og_site_name":"DeltaLV","article_publisher":"https:\/\/www.facebook.com\/Delta-LV-1055265264605462\/","article_modified_time":"2021-06-11T05:20:48+00:00","og_image":[{"width":1920,"height":1283,"url":"https:\/\/deltalv.lv\/wp-content\/uploads\/2019\/07\/home-header.jpg","type":"image\/jpeg"}],"twitter_card":"summary_large_image","schema":{"@context":"https:\/\/schema.org","@graph":[{"@type":"WebPage","@id":"https:\/\/deltalv.lv\/de\/karriere\/","url":"https:\/\/deltalv.lv\/de\/karriere\/","name":"Karriere - DeltaLV","isPartOf":{"@id":"https:\/\/deltalv.lv\/#website"},"datePublished":"2018-08-30T05:56:18+00:00","dateModified":"2021-06-11T05:20:48+00:00","description":"Karriere. Treten Sie unserem Team bei. M\u00f6chten Sie unserem Team beitreten? F\u00fcllen Sie das Formular aus und senden Sie es an uns!","breadcrumb":{"@id":"https:\/\/deltalv.lv\/de\/karriere\/#breadcrumb"},"inLanguage":"de-DE","potentialAction":[{"@type":"ReadAction","target":["https:\/\/deltalv.lv\/de\/karriere\/"]}]},{"@type":"BreadcrumbList","@id":"https:\/\/deltalv.lv\/de\/karriere\/#breadcrumb","itemListElement":[{"@type":"ListItem","position":1,"name":"Home","item":"https:\/\/deltalv.lv\/de\/"},{"@type":"ListItem","position":2,"name":"Karriere"}]},{"@type":"WebSite","@id":"https:\/\/deltalv.lv\/#website","url":"https:\/\/deltalv.lv\/","name":"DeltaLV","description":"Pla\u0161a kl\u0101sta kravu p\u0101rvad\u0101jumi Baltijas valst\u012bs un \u0101rpus t\u0101m.","publisher":{"@id":"https:\/\/deltalv.lv\/#organization"},"potentialAction":[{"@type":"SearchAction","target":{"@type":"EntryPoint","urlTemplate":"https:\/\/deltalv.lv\/?s={search_term_string}"},"query-input":{"@type":"PropertyValueSpecification","valueRequired":true,"valueName":"search_term_string"}}],"inLanguage":"de-DE"},{"@type":"Organization","@id":"https:\/\/deltalv.lv\/#organization","name":"AS Delta LV","url":"https:\/\/deltalv.lv\/","logo":{"@type":"ImageObject","inLanguage":"de-DE","@id":"https:\/\/deltalv.lv\/#\/schema\/logo\/image\/","url":"https:\/\/deltalv.lv\/wp-content\/uploads\/2018\/12\/deltalv_logo_light.svg","contentUrl":"https:\/\/deltalv.lv\/wp-content\/uploads\/2018\/12\/deltalv_logo_light.svg","width":396,"height":117,"caption":"AS Delta LV"},"image":{"@id":"https:\/\/deltalv.lv\/#\/schema\/logo\/image\/"},"sameAs":["https:\/\/www.facebook.com\/Delta-LV-1055265264605462\/"]}]}},"_links":{"self":[{"href":"https:\/\/deltalv.lv\/de\/wp-json\/wp\/v2\/pages\/382","targetHints":{"allow":["GET"]}}],"collection":[{"href":"https:\/\/deltalv.lv\/de\/wp-json\/wp\/v2\/pages"}],"about":[{"href":"https:\/\/deltalv.lv\/de\/wp-json\/wp\/v2\/types\/page"}],"author":[{"embeddable":true,"href":"https:\/\/deltalv.lv\/de\/wp-json\/wp\/v2\/users\/1"}],"replies":[{"embeddable":true,"href":"https:\/\/deltalv.lv\/de\/wp-json\/wp\/v2\/comments?post=382"}],"version-history":[{"count":4,"href":"https:\/\/deltalv.lv\/de\/wp-json\/wp\/v2\/pages\/382\/revisions"}],"predecessor-version":[{"id":5821,"href":"https:\/\/deltalv.lv\/de\/wp-json\/wp\/v2\/pages\/382\/revisions\/5821"}],"wp:attachment":[{"href":"https:\/\/deltalv.lv\/de\/wp-json\/wp\/v2\/media?parent=382"}],"curies":[{"name":"wp","href":"https:\/\/api.w.org\/{rel}","templated":true}]}}